{"id":535,"date":"2017-09-12T13:58:05","date_gmt":"2017-09-12T11:58:05","guid":{"rendered":"http:\/\/sainte-bernadette.be\/wp\/?page_id=535"},"modified":"2025-04-03T15:59:31","modified_gmt":"2025-04-03T13:59:31","slug":"motif-dabsence-pour-les-primaires","status":"publish","type":"page","link":"http:\/\/sainte-bernadette.be\/wp\/documents-2\/motif-dabsence-pour-les-primaires\/","title":{"rendered":"Motif d&rsquo;absence"},"content":{"rendered":"<p style=\"text-align: center;\">Voici le <span style=\"text-decoration: underline;\"><strong><a href=\"http:\/\/sainte-bernadette.be\/wp\/download\/533\/\">formulaire<\/a><\/strong><\/span>\u00a0(cliquer) \u00e0 remplir lorsque votre enfant est absent. Pour rappel, d\u00e8s le troisi\u00e8me jour d&rsquo;absence, l&rsquo;enfant en obligation scolaire\u00a0<span style=\"text-decoration: underline;\"><strong>doit \u00eatre couvert<\/strong><\/span> par un certificat m\u00e9dical !<\/p>\n<p style=\"text-align: center;\"><a  data-e-Disable-Page-Transition=\"true\" class=\"download-link\" title=\"\" href=\"http:\/\/sainte-bernadette.be\/wp\/download\/533\/?tmstv=1776526380\" rel=\"nofollow\" id=\"download-link-533\" data-redirect=\"false\" >\n\tMotif d'absence\t(1078 t\u00e9l\u00e9chargements\t)\n<\/a>\n<\/p>\n\n\n<figure class=\"wp-block-image size-large\"><img data-recalc-dims=\"1\" loading=\"lazy\" decoding=\"async\" width=\"724\" height=\"1024\" data-attachment-id=\"8479\" data-permalink=\"http:\/\/sainte-bernadette.be\/wp\/documents-2\/motif-dabsence-pour-les-primaires\/nouveau-motif-absences-2024-2025\/\" data-orig-file=\"https:\/\/i0.wp.com\/sainte-bernadette.be\/wp\/wp-content\/uploads\/2025\/04\/Nouveau-Motif-Absences-2024-2025.jpg?fit=1653%2C2338\" data-orig-size=\"1653,2338\" data-comments-opened=\"0\" data-image-meta=\"{&quot;aperture&quot;:&quot;0&quot;,&quot;credit&quot;:&quot;&quot;,&quot;camera&quot;:&quot;&quot;,&quot;caption&quot;:&quot;&quot;,&quot;created_timestamp&quot;:&quot;0&quot;,&quot;copyright&quot;:&quot;&quot;,&quot;focal_length&quot;:&quot;0&quot;,&quot;iso&quot;:&quot;0&quot;,&quot;shutter_speed&quot;:&quot;0&quot;,&quot;title&quot;:&quot;&quot;,&quot;orientation&quot;:&quot;0&quot;}\" data-image-title=\"Nouveau Motif Absences 2024-2025\" data-image-description=\"\" data-image-caption=\"\" data-large-file=\"https:\/\/i0.wp.com\/sainte-bernadette.be\/wp\/wp-content\/uploads\/2025\/04\/Nouveau-Motif-Absences-2024-2025.jpg?fit=724%2C1024\" src=\"https:\/\/i0.wp.com\/sainte-bernadette.be\/wp\/wp-content\/uploads\/2025\/04\/Nouveau-Motif-Absences-2024-2025.jpg?resize=724%2C1024\" alt=\"\" class=\"wp-image-8479\" srcset=\"https:\/\/i0.wp.com\/sainte-bernadette.be\/wp\/wp-content\/uploads\/2025\/04\/Nouveau-Motif-Absences-2024-2025.jpg?resize=724%2C1024 724w, https:\/\/i0.wp.com\/sainte-bernadette.be\/wp\/wp-content\/uploads\/2025\/04\/Nouveau-Motif-Absences-2024-2025.jpg?resize=212%2C300 212w, https:\/\/i0.wp.com\/sainte-bernadette.be\/wp\/wp-content\/uploads\/2025\/04\/Nouveau-Motif-Absences-2024-2025.jpg?resize=768%2C1086 768w, https:\/\/i0.wp.com\/sainte-bernadette.be\/wp\/wp-content\/uploads\/2025\/04\/Nouveau-Motif-Absences-2024-2025.jpg?resize=1086%2C1536 1086w, https:\/\/i0.wp.com\/sainte-bernadette.be\/wp\/wp-content\/uploads\/2025\/04\/Nouveau-Motif-Absences-2024-2025.jpg?resize=1448%2C2048 1448w, https:\/\/i0.wp.com\/sainte-bernadette.be\/wp\/wp-content\/uploads\/2025\/04\/Nouveau-Motif-Absences-2024-2025.jpg?w=1653 1653w\" sizes=\"auto, (max-width: 724px) 100vw, 724px\" \/><\/figure>\n\n\n","protected":false},"excerpt":{"rendered":"<p>Voici le formulaire\u00a0(cliquer) \u00e0 remplir lorsque votre enfant est absent. Pour rappel, d\u00e8s le troisi\u00e8me jour d&rsquo;absence, l&rsquo;enfant en obligation scolaire\u00a0doit \u00eatre couvert par un certificat m\u00e9dical !<\/p>\n","protected":false},"author":2,"featured_media":0,"parent":483,"menu_order":0,"comment_status":"closed","ping_status":"closed","template":"","meta":{"jetpack_post_was_ever_published":false,"footnotes":""},"class_list":["post-535","page","type-page","status-publish","hentry"],"jetpack_sharing_enabled":true,"jetpack_shortlink":"https:\/\/wp.me\/P8JcyU-8D","jetpack-related-posts":[{"id":483,"url":"http:\/\/sainte-bernadette.be\/wp\/documents-2\/","url_meta":{"origin":535,"position":0},"title":"Documents","author":"Beno\u00eet Weber","date":"11 septembre 2017","format":false,"excerpt":"Retrouvez ici tous les documents n\u00e9cessaires dont la plupart sont t\u00e9l\u00e9chargeables ! Motif d'absence Repas chauds","rel":"","context":"Article similaire","block_context":{"text":"Article similaire","link":""},"img":{"alt_text":"","src":"","width":0,"height":0},"classes":[]},{"id":8695,"url":"http:\/\/sainte-bernadette.be\/wp\/le-cfs\/","url_meta":{"origin":535,"position":1},"title":"Le CFS","author":"Beno\u00eet Weber","date":"8 septembre 2025","format":false,"excerpt":"Depuis janvier 2025, toutes les garderies (matin, midi et apr\u00e8s-midi) sont prises en charge par l\u2019ASBL Le CFS. En cas de probl\u00e8me ou pour toute remarque, veuillez vous adresser directement aupr\u00e8s de leurs services. Merci de votre compr\u00e9hension. Voici les contacts de la personne responsable du CFS pour notre \u00e9cole\u2026","rel":"","context":"Article similaire","block_context":{"text":"Article similaire","link":""},"img":{"alt_text":"","src":"https:\/\/i0.wp.com\/sainte-bernadette.be\/wp\/wp-content\/uploads\/2025\/04\/logo.png?resize=350%2C200","width":350,"height":200,"srcset":"https:\/\/i0.wp.com\/sainte-bernadette.be\/wp\/wp-content\/uploads\/2025\/04\/logo.png?resize=350%2C200 1x, https:\/\/i0.wp.com\/sainte-bernadette.be\/wp\/wp-content\/uploads\/2025\/04\/logo.png?resize=525%2C300 1.5x, https:\/\/i0.wp.com\/sainte-bernadette.be\/wp\/wp-content\/uploads\/2025\/04\/logo.png?resize=700%2C400 2x"},"classes":[]},{"id":4069,"url":"http:\/\/sainte-bernadette.be\/wp\/documents-2\/repas-chauds\/","url_meta":{"origin":535,"position":2},"title":"Repas chauds","author":"Beno\u00eet Weber","date":"2 septembre 2018","format":false,"excerpt":"Vous retrouverez chaque mois ci-dessous le menu des repas chauds. Celui-ci est le m\u00eame pour les deux \u00e9coles.","rel":"","context":"Article similaire","block_context":{"text":"Article similaire","link":""},"img":{"alt_text":"","src":"https:\/\/i0.wp.com\/sainte-bernadette.be\/wp\/wp-content\/uploads\/2025\/09\/Octobre-25.jpg?resize=350%2C200","width":350,"height":200,"srcset":"https:\/\/i0.wp.com\/sainte-bernadette.be\/wp\/wp-content\/uploads\/2025\/09\/Octobre-25.jpg?resize=350%2C200 1x, https:\/\/i0.wp.com\/sainte-bernadette.be\/wp\/wp-content\/uploads\/2025\/09\/Octobre-25.jpg?resize=525%2C300 1.5x, https:\/\/i0.wp.com\/sainte-bernadette.be\/wp\/wp-content\/uploads\/2025\/09\/Octobre-25.jpg?resize=700%2C400 2x, https:\/\/i0.wp.com\/sainte-bernadette.be\/wp\/wp-content\/uploads\/2025\/09\/Octobre-25.jpg?resize=1050%2C600 3x, https:\/\/i0.wp.com\/sainte-bernadette.be\/wp\/wp-content\/uploads\/2025\/09\/Octobre-25.jpg?resize=1400%2C800 4x"},"classes":[]},{"id":160,"url":"http:\/\/sainte-bernadette.be\/wp\/documents\/ecole-sainte-bernasette\/historique-de-lecole-sainte-bernadette\/","url_meta":{"origin":535,"position":3},"title":"Historique de l\u2019Ecole Sainte-Bernadette","author":"Arnaud","date":"15 juin 2017","format":false,"excerpt":"1959 (1er juin)\u00a0: le vicaire g\u00e9n\u00e9ral Janssens, suite \u00e0 l'intervention efficace du chapelain, Pierre Oudewater, de la paroisse Saint-S\u00e9bastien donne son accord pour l'achat d'une villa am\u00e9nag\u00e9e en petite ferme et entour\u00e9e d'un vaste terrain au 203, avenue Alphonse Allard par l'ASBL Oeuvres du Doyenn\u00e9. Avec l'accord de la m\u00e8re\u2026","rel":"","context":"Article similaire","block_context":{"text":"Article similaire","link":""},"img":{"alt_text":"","src":"https:\/\/i0.wp.com\/sainte-bernadette.be\/wp\/wp-content\/uploads\/2017\/06\/Estber_3-300x200.jpg?resize=350%2C200","width":350,"height":200,"srcset":"https:\/\/i0.wp.com\/sainte-bernadette.be\/wp\/wp-content\/uploads\/2017\/06\/Estber_3-300x200.jpg?resize=350%2C200 1x, https:\/\/i0.wp.com\/sainte-bernadette.be\/wp\/wp-content\/uploads\/2017\/06\/Estber_3-300x200.jpg?resize=525%2C300 1.5x"},"classes":[]},{"id":7963,"url":"http:\/\/sainte-bernadette.be\/wp\/extrascolaire\/","url_meta":{"origin":535,"position":4},"title":"Extrascolaire","author":"Beno\u00eet Weber","date":"10 octobre 2020","format":false,"excerpt":"Retrouvez ici toutes les informations concernant les activit\u00e9s parascolaires organis\u00e9es d\u00e8s 15h30 \u00e0 l'\u00e9cole par l'\u00e9quipe \u00e9ducative. ____________________________________________________________ ____________________________________________________________ \u00a0 Retrouvez ici toutes les informations concernant Le CFS.","rel":"","context":"Article similaire","block_context":{"text":"Article similaire","link":""},"img":{"alt_text":"","src":"https:\/\/i0.wp.com\/sainte-bernadette.be\/wp\/wp-content\/uploads\/2025\/04\/logo.png?resize=350%2C200","width":350,"height":200,"srcset":"https:\/\/i0.wp.com\/sainte-bernadette.be\/wp\/wp-content\/uploads\/2025\/04\/logo.png?resize=350%2C200 1x, https:\/\/i0.wp.com\/sainte-bernadette.be\/wp\/wp-content\/uploads\/2025\/04\/logo.png?resize=525%2C300 1.5x, https:\/\/i0.wp.com\/sainte-bernadette.be\/wp\/wp-content\/uploads\/2025\/04\/logo.png?resize=700%2C400 2x"},"classes":[]}],"_links":{"self":[{"href":"http:\/\/sainte-bernadette.be\/wp\/wp-json\/wp\/v2\/pages\/535","targetHints":{"allow":["GET"]}}],"collection":[{"href":"http:\/\/sainte-bernadette.be\/wp\/wp-json\/wp\/v2\/pages"}],"about":[{"href":"http:\/\/sainte-bernadette.be\/wp\/wp-json\/wp\/v2\/types\/page"}],"author":[{"embeddable":true,"href":"http:\/\/sainte-bernadette.be\/wp\/wp-json\/wp\/v2\/users\/2"}],"replies":[{"embeddable":true,"href":"http:\/\/sainte-bernadette.be\/wp\/wp-json\/wp\/v2\/comments?post=535"}],"version-history":[{"count":9,"href":"http:\/\/sainte-bernadette.be\/wp\/wp-json\/wp\/v2\/pages\/535\/revisions"}],"predecessor-version":[{"id":8480,"href":"http:\/\/sainte-bernadette.be\/wp\/wp-json\/wp\/v2\/pages\/535\/revisions\/8480"}],"up":[{"embeddable":true,"href":"http:\/\/sainte-bernadette.be\/wp\/wp-json\/wp\/v2\/pages\/483"}],"wp:attachment":[{"href":"http:\/\/sainte-bernadette.be\/wp\/wp-json\/wp\/v2\/media?parent=535"}],"curies":[{"name":"wp","href":"https:\/\/api.w.org\/{rel}","templated":true}]}}